{"id":10615,"date":"2016-11-08T15:35:38","date_gmt":"2016-11-08T14:35:38","guid":{"rendered":"http:\/\/www.polynt.com\/environment-health-safety\/health\/"},"modified":"2021-04-06T10:23:40","modified_gmt":"2021-04-06T08:23:40","slug":"health","status":"publish","type":"page","link":"https:\/\/www.polynt.com\/pt-pt\/sustainability\/hse-quality-certification\/health\/","title":{"rendered":"Sa\u00fade"},"content":{"rendered":"<h1>N\u00f3s trabalhamos para melhorar a qualidade de vida<\/h1>\n<p>A Polynt aplica todos os conhecimentos e m\u00e9todos disponibilizados pela ci\u00eancia m\u00e9dica para o bem-estar de seus funcion\u00e1rios e da comunidade local. Todos os funcion\u00e1rios est\u00e3o conscientes da import\u00e2ncia da prote\u00e7\u00e3o da sa\u00fade humana como parte de suas atividades.<\/p>\n","protected":false},"excerpt":{"rendered":"<p>N\u00f3s trabalhamos para melhorar a qualidade de vida A Polynt aplica todos os conhecimentos e m\u00e9todos disponibilizados pela ci\u00eancia m\u00e9dica &hellip;<\/p>\n","protected":false},"author":1,"featured_media":0,"parent":10605,"menu_order":2,"comment_status":"closed","ping_status":"closed","template":"template-sicurezza-inner.php","meta":{"footnotes":""},"class_list":["post-10615","page","type-page","status-publish","hentry","odd"],"yoast_head":"<!-- This site is optimized with the Yoast SEO plugin v24.8.1 - https:\/\/yoast.com\/wordpress\/plugins\/seo\/ -->\n<title>Sa\u00fade - Polynt<\/title>\n<meta name=\"robots\" content=\"index, follow, max-snippet:-1, max-image-preview:large, max-video-preview:-1\" \/>\n<link rel=\"canonical\" href=\"https:\/\/www.polynt.com\/pt-pt\/sustainability\/hse-quality-certification\/health\/\" \/>\n<meta property=\"og:locale\" content=\"pt_PT\" \/>\n<meta property=\"og:type\" content=\"article\" \/>\n<meta property=\"og:title\" content=\"Sa\u00fade - Polynt\" \/>\n<meta property=\"og:description\" content=\"N\u00f3s trabalhamos para melhorar a qualidade de vida A Polynt aplica todos os conhecimentos e m\u00e9todos disponibilizados pela ci\u00eancia m\u00e9dica &hellip;\" \/>\n<meta property=\"og:url\" content=\"https:\/\/www.polynt.com\/pt-pt\/sustainability\/hse-quality-certification\/health\/\" \/>\n<meta property=\"og:site_name\" content=\"Polynt\" \/>\n<meta property=\"article:modified_time\" content=\"2021-04-06T08:23:40+00:00\" \/>\n<meta name=\"twitter:card\" content=\"summary_large_image\" \/>\n<script type=\"application\/ld+json\" class=\"yoast-schema-graph\">{\"@context\":\"https:\/\/schema.org\",\"@graph\":[{\"@type\":\"WebPage\",\"@id\":\"https:\/\/www.polynt.com\/pt-pt\/sustainability\/hse-quality-certification\/health\/\",\"url\":\"https:\/\/www.polynt.com\/pt-pt\/sustainability\/hse-quality-certification\/health\/\",\"name\":\"Sa\u00fade - Polynt\",\"isPartOf\":{\"@id\":\"https:\/\/www.polynt.com\/#website\"},\"datePublished\":\"2016-11-08T14:35:38+00:00\",\"dateModified\":\"2021-04-06T08:23:40+00:00\",\"breadcrumb\":{\"@id\":\"https:\/\/www.polynt.com\/pt-pt\/sustainability\/hse-quality-certification\/health\/#breadcrumb\"},\"inLanguage\":\"pt-PT\",\"potentialAction\":[{\"@type\":\"ReadAction\",\"target\":[\"https:\/\/www.polynt.com\/pt-pt\/sustainability\/hse-quality-certification\/health\/\"]}]},{\"@type\":\"BreadcrumbList\",\"@id\":\"https:\/\/www.polynt.com\/pt-pt\/sustainability\/hse-quality-certification\/health\/#breadcrumb\",\"itemListElement\":[{\"@type\":\"ListItem\",\"position\":1,\"name\":\"Home\",\"item\":\"https:\/\/www.polynt.com\/pt-pt\/\"},{\"@type\":\"ListItem\",\"position\":2,\"name\":\"Sustentabilidade\",\"item\":\"https:\/\/www.polynt.com\/pt-pt\/sustainability\/\"},{\"@type\":\"ListItem\",\"position\":3,\"name\":\"HSE, Quality &#038; Certification\",\"item\":\"https:\/\/www.polynt.com\/pt-pt\/sustainability\/hse-quality-certification\/\"},{\"@type\":\"ListItem\",\"position\":4,\"name\":\"Sa\u00fade\"}]},{\"@type\":\"WebSite\",\"@id\":\"https:\/\/www.polynt.com\/#website\",\"url\":\"https:\/\/www.polynt.com\/\",\"name\":\"Polynt\",\"description\":\"Un nuovo sito targato WordPress\",\"potentialAction\":[{\"@type\":\"SearchAction\",\"target\":{\"@type\":\"EntryPoint\",\"urlTemplate\":\"https:\/\/www.polynt.com\/?s={search_term_string}\"},\"query-input\":{\"@type\":\"PropertyValueSpecification\",\"valueRequired\":true,\"valueName\":\"search_term_string\"}}],\"inLanguage\":\"pt-PT\"}]}<\/script>\n<!-- \/ Yoast SEO plugin. -->","yoast_head_json":{"title":"Sa\u00fade - Polynt","robots":{"index":"index","follow":"follow","max-snippet":"max-snippet:-1","max-image-preview":"max-image-preview:large","max-video-preview":"max-video-preview:-1"},"canonical":"https:\/\/www.polynt.com\/pt-pt\/sustainability\/hse-quality-certification\/health\/","og_locale":"pt_PT","og_type":"article","og_title":"Sa\u00fade - Polynt","og_description":"N\u00f3s trabalhamos para melhorar a qualidade de vida A Polynt aplica todos os conhecimentos e m\u00e9todos disponibilizados pela ci\u00eancia m\u00e9dica &hellip;","og_url":"https:\/\/www.polynt.com\/pt-pt\/sustainability\/hse-quality-certification\/health\/","og_site_name":"Polynt","article_modified_time":"2021-04-06T08:23:40+00:00","twitter_card":"summary_large_image","schema":{"@context":"https:\/\/schema.org","@graph":[{"@type":"WebPage","@id":"https:\/\/www.polynt.com\/pt-pt\/sustainability\/hse-quality-certification\/health\/","url":"https:\/\/www.polynt.com\/pt-pt\/sustainability\/hse-quality-certification\/health\/","name":"Sa\u00fade - Polynt","isPartOf":{"@id":"https:\/\/www.polynt.com\/#website"},"datePublished":"2016-11-08T14:35:38+00:00","dateModified":"2021-04-06T08:23:40+00:00","breadcrumb":{"@id":"https:\/\/www.polynt.com\/pt-pt\/sustainability\/hse-quality-certification\/health\/#breadcrumb"},"inLanguage":"pt-PT","potentialAction":[{"@type":"ReadAction","target":["https:\/\/www.polynt.com\/pt-pt\/sustainability\/hse-quality-certification\/health\/"]}]},{"@type":"BreadcrumbList","@id":"https:\/\/www.polynt.com\/pt-pt\/sustainability\/hse-quality-certification\/health\/#breadcrumb","itemListElement":[{"@type":"ListItem","position":1,"name":"Home","item":"https:\/\/www.polynt.com\/pt-pt\/"},{"@type":"ListItem","position":2,"name":"Sustentabilidade","item":"https:\/\/www.polynt.com\/pt-pt\/sustainability\/"},{"@type":"ListItem","position":3,"name":"HSE, Quality &#038; Certification","item":"https:\/\/www.polynt.com\/pt-pt\/sustainability\/hse-quality-certification\/"},{"@type":"ListItem","position":4,"name":"Sa\u00fade"}]},{"@type":"WebSite","@id":"https:\/\/www.polynt.com\/#website","url":"https:\/\/www.polynt.com\/","name":"Polynt","description":"Un nuovo sito targato WordPress","potentialAction":[{"@type":"SearchAction","target":{"@type":"EntryPoint","urlTemplate":"https:\/\/www.polynt.com\/?s={search_term_string}"},"query-input":{"@type":"PropertyValueSpecification","valueRequired":true,"valueName":"search_term_string"}}],"inLanguage":"pt-PT"}]}},"_links":{"self":[{"href":"https:\/\/www.polynt.com\/pt-pt\/wp-json\/wp\/v2\/pages\/10615","targetHints":{"allow":["GET"]}}],"collection":[{"href":"https:\/\/www.polynt.com\/pt-pt\/wp-json\/wp\/v2\/pages"}],"about":[{"href":"https:\/\/www.polynt.com\/pt-pt\/wp-json\/wp\/v2\/types\/page"}],"author":[{"embeddable":true,"href":"https:\/\/www.polynt.com\/pt-pt\/wp-json\/wp\/v2\/users\/1"}],"replies":[{"embeddable":true,"href":"https:\/\/www.polynt.com\/pt-pt\/wp-json\/wp\/v2\/comments?post=10615"}],"version-history":[{"count":4,"href":"https:\/\/www.polynt.com\/pt-pt\/wp-json\/wp\/v2\/pages\/10615\/revisions"}],"predecessor-version":[{"id":21845,"href":"https:\/\/www.polynt.com\/pt-pt\/wp-json\/wp\/v2\/pages\/10615\/revisions\/21845"}],"up":[{"embeddable":true,"href":"https:\/\/www.polynt.com\/pt-pt\/wp-json\/wp\/v2\/pages\/10605"}],"wp:attachment":[{"href":"https:\/\/www.polynt.com\/pt-pt\/wp-json\/wp\/v2\/media?parent=10615"}],"curies":[{"name":"wp","href":"https:\/\/api.w.org\/{rel}","templated":true}]}}