{"id":10618,"date":"2016-11-08T15:35:49","date_gmt":"2016-11-08T14:35:49","guid":{"rendered":"http:\/\/www.polynt.com\/environment-health-safety\/environment\/"},"modified":"2023-05-23T11:12:52","modified_gmt":"2023-05-23T09:12:52","slug":"environment","status":"publish","type":"page","link":"https:\/\/www.polynt.com\/pt-pt\/sustainability\/hse-quality-certification\/environment\/","title":{"rendered":"Meio Ambiente"},"content":{"rendered":"<h1>Um rigoroso cuidado com o planeta<\/h1>\n<p><strong>O Sistema de Gest\u00e3o Ambiental<\/strong> (&#8220;<strong>EMS<\/strong>&#8220;) \u00e9 o instrumento utilizado pela Empresa para identificar, avaliar e abordar os principais problemas ambientais e melhorar o seu desempenho. <strong>A ISO 14001<\/strong> \u00e9 um padr\u00e3o internacional volunt\u00e1rio que indica como desenvolver um EMS efetivo, exigindo que a Empresa fa\u00e7a uma representa\u00e7\u00e3o escrita ao p\u00fablico, definindo seus<strong> objetivos e metas ambientais<\/strong>.<\/p>\n","protected":false},"excerpt":{"rendered":"<p>Um rigoroso cuidado com o planeta O Sistema de Gest\u00e3o Ambiental (&#8220;EMS&#8220;) \u00e9 o instrumento utilizado pela Empresa para identificar, &hellip;<\/p>\n","protected":false},"author":1,"featured_media":0,"parent":10605,"menu_order":4,"comment_status":"closed","ping_status":"closed","template":"template-sicurezza-inner.php","meta":{"footnotes":""},"class_list":["post-10618","page","type-page","status-publish","hentry","odd"],"yoast_head":"<!-- This site is optimized with the Yoast SEO plugin v24.8.1 - https:\/\/yoast.com\/wordpress\/plugins\/seo\/ -->\n<title>Meio Ambiente - Polynt<\/title>\n<meta name=\"robots\" content=\"index, follow, max-snippet:-1, max-image-preview:large, max-video-preview:-1\" \/>\n<link rel=\"canonical\" href=\"https:\/\/www.polynt.com\/pt-pt\/sustainability\/hse-quality-certification\/environment\/\" \/>\n<meta property=\"og:locale\" content=\"pt_PT\" \/>\n<meta property=\"og:type\" content=\"article\" \/>\n<meta property=\"og:title\" content=\"Meio Ambiente - Polynt\" \/>\n<meta property=\"og:description\" content=\"Um rigoroso cuidado com o planeta O Sistema de Gest\u00e3o Ambiental (&#8220;EMS&#8220;) \u00e9 o instrumento utilizado pela Empresa para identificar, &hellip;\" \/>\n<meta property=\"og:url\" content=\"https:\/\/www.polynt.com\/pt-pt\/sustainability\/hse-quality-certification\/environment\/\" \/>\n<meta property=\"og:site_name\" content=\"Polynt\" \/>\n<meta property=\"article:modified_time\" content=\"2023-05-23T09:12:52+00:00\" \/>\n<meta name=\"twitter:card\" content=\"summary_large_image\" \/>\n<script type=\"application\/ld+json\" class=\"yoast-schema-graph\">{\"@context\":\"https:\/\/schema.org\",\"@graph\":[{\"@type\":\"WebPage\",\"@id\":\"https:\/\/www.polynt.com\/pt-pt\/sustainability\/hse-quality-certification\/environment\/\",\"url\":\"https:\/\/www.polynt.com\/pt-pt\/sustainability\/hse-quality-certification\/environment\/\",\"name\":\"Meio Ambiente - Polynt\",\"isPartOf\":{\"@id\":\"https:\/\/www.polynt.com\/#website\"},\"datePublished\":\"2016-11-08T14:35:49+00:00\",\"dateModified\":\"2023-05-23T09:12:52+00:00\",\"breadcrumb\":{\"@id\":\"https:\/\/www.polynt.com\/pt-pt\/sustainability\/hse-quality-certification\/environment\/#breadcrumb\"},\"inLanguage\":\"pt-PT\",\"potentialAction\":[{\"@type\":\"ReadAction\",\"target\":[\"https:\/\/www.polynt.com\/pt-pt\/sustainability\/hse-quality-certification\/environment\/\"]}]},{\"@type\":\"BreadcrumbList\",\"@id\":\"https:\/\/www.polynt.com\/pt-pt\/sustainability\/hse-quality-certification\/environment\/#breadcrumb\",\"itemListElement\":[{\"@type\":\"ListItem\",\"position\":1,\"name\":\"Home\",\"item\":\"https:\/\/www.polynt.com\/pt-pt\/\"},{\"@type\":\"ListItem\",\"position\":2,\"name\":\"Sustentabilidade\",\"item\":\"https:\/\/www.polynt.com\/pt-pt\/sustainability\/\"},{\"@type\":\"ListItem\",\"position\":3,\"name\":\"HSE, Quality &#038; Certification\",\"item\":\"https:\/\/www.polynt.com\/pt-pt\/sustainability\/hse-quality-certification\/\"},{\"@type\":\"ListItem\",\"position\":4,\"name\":\"Meio Ambiente\"}]},{\"@type\":\"WebSite\",\"@id\":\"https:\/\/www.polynt.com\/#website\",\"url\":\"https:\/\/www.polynt.com\/\",\"name\":\"Polynt\",\"description\":\"Un nuovo sito targato WordPress\",\"potentialAction\":[{\"@type\":\"SearchAction\",\"target\":{\"@type\":\"EntryPoint\",\"urlTemplate\":\"https:\/\/www.polynt.com\/?s={search_term_string}\"},\"query-input\":{\"@type\":\"PropertyValueSpecification\",\"valueRequired\":true,\"valueName\":\"search_term_string\"}}],\"inLanguage\":\"pt-PT\"}]}<\/script>\n<!-- \/ Yoast SEO plugin. -->","yoast_head_json":{"title":"Meio Ambiente - Polynt","robots":{"index":"index","follow":"follow","max-snippet":"max-snippet:-1","max-image-preview":"max-image-preview:large","max-video-preview":"max-video-preview:-1"},"canonical":"https:\/\/www.polynt.com\/pt-pt\/sustainability\/hse-quality-certification\/environment\/","og_locale":"pt_PT","og_type":"article","og_title":"Meio Ambiente - Polynt","og_description":"Um rigoroso cuidado com o planeta O Sistema de Gest\u00e3o Ambiental (&#8220;EMS&#8220;) \u00e9 o instrumento utilizado pela Empresa para identificar, &hellip;","og_url":"https:\/\/www.polynt.com\/pt-pt\/sustainability\/hse-quality-certification\/environment\/","og_site_name":"Polynt","article_modified_time":"2023-05-23T09:12:52+00:00","twitter_card":"summary_large_image","schema":{"@context":"https:\/\/schema.org","@graph":[{"@type":"WebPage","@id":"https:\/\/www.polynt.com\/pt-pt\/sustainability\/hse-quality-certification\/environment\/","url":"https:\/\/www.polynt.com\/pt-pt\/sustainability\/hse-quality-certification\/environment\/","name":"Meio Ambiente - Polynt","isPartOf":{"@id":"https:\/\/www.polynt.com\/#website"},"datePublished":"2016-11-08T14:35:49+00:00","dateModified":"2023-05-23T09:12:52+00:00","breadcrumb":{"@id":"https:\/\/www.polynt.com\/pt-pt\/sustainability\/hse-quality-certification\/environment\/#breadcrumb"},"inLanguage":"pt-PT","potentialAction":[{"@type":"ReadAction","target":["https:\/\/www.polynt.com\/pt-pt\/sustainability\/hse-quality-certification\/environment\/"]}]},{"@type":"BreadcrumbList","@id":"https:\/\/www.polynt.com\/pt-pt\/sustainability\/hse-quality-certification\/environment\/#breadcrumb","itemListElement":[{"@type":"ListItem","position":1,"name":"Home","item":"https:\/\/www.polynt.com\/pt-pt\/"},{"@type":"ListItem","position":2,"name":"Sustentabilidade","item":"https:\/\/www.polynt.com\/pt-pt\/sustainability\/"},{"@type":"ListItem","position":3,"name":"HSE, Quality &#038; Certification","item":"https:\/\/www.polynt.com\/pt-pt\/sustainability\/hse-quality-certification\/"},{"@type":"ListItem","position":4,"name":"Meio Ambiente"}]},{"@type":"WebSite","@id":"https:\/\/www.polynt.com\/#website","url":"https:\/\/www.polynt.com\/","name":"Polynt","description":"Un nuovo sito targato WordPress","potentialAction":[{"@type":"SearchAction","target":{"@type":"EntryPoint","urlTemplate":"https:\/\/www.polynt.com\/?s={search_term_string}"},"query-input":{"@type":"PropertyValueSpecification","valueRequired":true,"valueName":"search_term_string"}}],"inLanguage":"pt-PT"}]}},"_links":{"self":[{"href":"https:\/\/www.polynt.com\/pt-pt\/wp-json\/wp\/v2\/pages\/10618","targetHints":{"allow":["GET"]}}],"collection":[{"href":"https:\/\/www.polynt.com\/pt-pt\/wp-json\/wp\/v2\/pages"}],"about":[{"href":"https:\/\/www.polynt.com\/pt-pt\/wp-json\/wp\/v2\/types\/page"}],"author":[{"embeddable":true,"href":"https:\/\/www.polynt.com\/pt-pt\/wp-json\/wp\/v2\/users\/1"}],"replies":[{"embeddable":true,"href":"https:\/\/www.polynt.com\/pt-pt\/wp-json\/wp\/v2\/comments?post=10618"}],"version-history":[{"count":18,"href":"https:\/\/www.polynt.com\/pt-pt\/wp-json\/wp\/v2\/pages\/10618\/revisions"}],"predecessor-version":[{"id":28095,"href":"https:\/\/www.polynt.com\/pt-pt\/wp-json\/wp\/v2\/pages\/10618\/revisions\/28095"}],"up":[{"embeddable":true,"href":"https:\/\/www.polynt.com\/pt-pt\/wp-json\/wp\/v2\/pages\/10605"}],"wp:attachment":[{"href":"https:\/\/www.polynt.com\/pt-pt\/wp-json\/wp\/v2\/media?parent=10618"}],"curies":[{"name":"wp","href":"https:\/\/api.w.org\/{rel}","templated":true}]}}