{"id":10626,"date":"2016-12-07T16:22:06","date_gmt":"2016-12-07T15:22:06","guid":{"rendered":"http:\/\/www.polynt.com\/financial-info\/executive-summary\/"},"modified":"2023-11-08T14:24:13","modified_gmt":"2023-11-08T13:24:13","slug":"executive-summary","status":"publish","type":"page","link":"https:\/\/www.polynt.com\/pt-pt\/financial-info\/executive-summary\/","title":{"rendered":"Sum\u00e1rio executivo"},"content":{"rendered":"<h2>Todos os marcos da nossa hist\u00f3ria<\/h2>\n<p>A <strong>Polynt<\/strong> foi fundada em 1955 com um site industrial em Scanzorosciate (Bergamo), onde a sede do Grupo est\u00e1 agora localizada. A Polynt \u00e9 um dos principais produtores de <strong>intermedi\u00e1rios qu\u00edmicos polim\u00e9ricos, tais como anidridos (Maleico, Ft\u00e1lico e Trimel\u00edtico) e seus derivados (por exemplo, Plastificantes), \u00e1cidos dib\u00e1sicos (Fum\u00e1rico e M\u00e1lico), resinas de poli\u00e9ster insaturado, compostos e comp\u00f3sitos e \u00e9steres especiais<\/strong>. Esses produtos pertencem \u00e0 ampla categoria de <strong>intermedi\u00e1rios qu\u00edmicos<\/strong>, ou seja, esses produtos est\u00e3o no meio da cadeia que come\u00e7a com o refino do petr\u00f3leo passando pela produ\u00e7\u00e3o qu\u00edmica at\u00e9 a venda da distribui\u00e7\u00e3o no mercado de produtos acabados.<\/p>\n<p>Os produtos s\u00e3o utilizados para a<strong> produ\u00e7\u00e3o de pl\u00e1sticos, tintas, tintas gr\u00e1ficas e adesivos, materiais e componentes el\u00e9tricos e eletr\u00f4nicos, papel e lubrificantes<\/strong>. Os compostos s\u00e3o utilizados nas<strong> ind\u00fastrias de transporte, constru\u00e7\u00e3o e eletricidade<\/strong>. Outros mercados s\u00e3o setores de <strong>alimentos, ra\u00e7\u00f5es e fragr\u00e2ncias<\/strong>.<\/p>\n<p>A atividade da Empresa compreende pesquisa e <strong>desenvolvimento, produ\u00e7\u00e3o, marketing e vendas<\/strong>. A Polynt desenvolve tecnologias que s\u00e3o utilizadas internamente para produ\u00e7\u00e3o, al\u00e9m de licenciadas para terceiros.<\/p>\n<p>Al\u00e9m dos <strong>seis sites italianos<\/strong> (Brembate, Cavagli\u00e0, Parma, Ravenna, Scanzorosciate e San Giovanni Valdarno), a Polynt supervisiona internacionalmente com <strong>subsidi\u00e1rias operacionais e comerciais na Europa<\/strong> (Noruega, Reino Unido, Espanha, Fran\u00e7a, Alemanha, Pol\u00f4nia), <strong>\u00c1sia<\/strong> (China, Coreia, \u00cdndia, Mal\u00e1sia) e <strong>Am\u00e9rica<\/strong> (Canad\u00e1, EUA, M\u00e9xico e Brasil).<\/p>\n<p>Essa expans\u00e3o geogr\u00e1fica foi alcan\u00e7ada atrav\u00e9s da aquisi\u00e7\u00e3o de neg\u00f3cios existentes e do estabelecimento de instala\u00e7\u00f5es operacionais constru\u00eddas recentemente.<\/p>\n<p>Em 2006, foi criada uma empresa na <strong>Pol\u00f4nia<\/strong> e iniciada a constru\u00e7\u00e3o de um site operacional perto da Crac\u00f3via para a <strong>produ\u00e7\u00e3o de resinas e compostos de poli\u00e9ster<\/strong>.<\/p>\n<p>Em 2006, Lonza S.p.A. mudou seu nome para <strong>Polynt S.p.A<\/strong>. Em 30 de outubro do mesmo ano, as a\u00e7\u00f5es da Empresa estavam listadas no segmento STAR da Bolsa de Valores italiana.<\/p>\n<p>Em mar\u00e7o de 2007, a <strong>Polynt Chemical (Changzhou) Co. Ltd<\/strong>. foi criada na prov\u00edncia chinesa de Jiangsu. Em junho do mesmo ano, essa empresa adquiriu uma empresa ativa na produ\u00e7\u00e3o e venda de <strong>Anidrido Trimel\u00edtico<\/strong> e em fevereiro de 2021 a f\u00e1brica foi fechada.<\/p>\n<p>No mesmo ano, foi adquirido um neg\u00f3cio de Plastificantes Especiais gerenciado por uma ag\u00eancia comercial em <strong>Hong Kong<\/strong>.<\/p>\n<p>Ao longo dos anos seguintes, a Polynt construiu duas novas f\u00e1bricas na China dedicadas \u00e0 produ\u00e7\u00e3o de <strong>Plastificantes Especiais e Anidridos Especiais.<\/strong><\/p>\n<p>Em 2008, ap\u00f3s uma oferta p\u00fablica de aquisi\u00e7\u00e3o, a Polynt foi assumida pela <strong>Polimeri Speciali S.p.A.<\/strong>, controlada indiretamente pela <strong>InvestIndustrial<\/strong>, um dos principais fundos de participa\u00e7\u00e3o privada europeus.<\/p>\n<p>No mesmo ano, a Empresa foi retirada da Bolsa de Valores de Mil\u00e3o depois que suas a\u00e7\u00f5es aumentaram 104% em compara\u00e7\u00e3o com a cota\u00e7\u00e3o do pre\u00e7o inicial.<\/p>\n<p>Em agosto de 2008, a Polynt adquiriu 100% do <strong>Grupo Chemial<\/strong>, l\u00edder no setor de especialidades qu\u00edmicas para os setores de alimentos, ra\u00e7\u00f5es e fragr\u00e2ncias e operando por meio de suas duas empresas na Inglaterra e na It\u00e1lia.<\/p>\n<p>Em setembro de 2008, a fus\u00e3o da <strong>Polynt S.p.A. com a Polimeri Speciali SpA<\/strong> entrou em vigor.<\/p>\n<p>A Polimeri Speciali mudou seu nome para Polynt S.p.A.<\/p>\n<p>Em 2011, o acionista majorit\u00e1rio da Polynt, agora chamada <strong>Polynt Group Sarl<\/strong>, adquiriu uma empresa nos Estados Unidos da <strong>Momentive Specialty Chemicals Inc.<\/strong> que opera no campo de Composites e Resinas para tintas com quatro locais de fabrica\u00e7\u00e3o nos EUA.<\/p>\n<p>A Polynt S.p.A. se beneficia da colabora\u00e7\u00e3o com essa empresa, da qual posteriormente adquiriu uma participa\u00e7\u00e3o minorit\u00e1ria.<\/p>\n<p>Em 2012, a Polynt France Sarl come\u00e7ou a operar. A empresa, com sede em Lyon, comercializa e vende os produtos do Grupo no mercado franc\u00eas.<\/p>\n<p>Em 2013, a <strong>Polynt Iberica SL<\/strong> tornou-se apta a gerir, atrav\u00e9s do seu escrit\u00f3rio em Barcelona, a comercializa\u00e7\u00e3o e a \u00a0venda dos produtos do Grupo nos mercados espanhol e portugu\u00eas. Em junho de 2018 a empresa foi fechada.<\/p>\n<p>Em dezembro de 2014, o Grupo completou a aquisi\u00e7\u00e3o das empresas pertencentes \u00e0 Divis\u00e3o de Comp\u00f3sitos CCP da Total S.A., que operam na ind\u00fastria de resina de poli\u00e9ster insaturado, gelcoats e estervin\u00edlicos, com 26 locais na Europa, Am\u00e9rica, \u00c1sia e Austr\u00e1lia, com aproximadamente 800 funcion\u00e1rios.<\/p>\n<p>Em maio de 2017 foi anunciada a fus\u00e3o <strong>Polynt-Reichhold<\/strong>.<br \/>\nO novo Grupo \u00e9 uma <strong>empresa global<\/strong> que atua em Intermedi\u00e1rios Qu\u00edmicos, Coatings, Resinas para Compositos, Compostos Termofixos, Gel Coats e nichos de Especialidades.<\/p>\n<p>A partir de hoje, nosso Grupo \u00e9 controlado por fundos de investimentos privados gerenciados pela <strong>Black Diamond Capital Management<\/strong>, uma das l\u00edderes norte-americanas na gest\u00e3o de ativos.<\/p>\n<p>A Polynt \u00e9 agora l\u00edder em nichos do mercado de especialidades e est\u00e1 bem posicionada para se beneficiar do crescimento esperado nos mercados-alvo.<\/p>\n","protected":false},"excerpt":{"rendered":"<p>Todos os marcos da nossa hist\u00f3ria A Polynt foi fundada em 1955 com um site industrial em Scanzorosciate (Bergamo), onde &hellip;<\/p>\n","protected":false},"author":1,"featured_media":0,"parent":10623,"menu_order":0,"comment_status":"closed","ping_status":"closed","template":"template-financial-info-single.php","meta":{"footnotes":""},"class_list":["post-10626","page","type-page","status-publish","hentry","odd"],"yoast_head":"<!-- This site is optimized with the Yoast SEO plugin v24.8.1 - https:\/\/yoast.com\/wordpress\/plugins\/seo\/ -->\n<title>Sum\u00e1rio executivo - Polynt<\/title>\n<meta name=\"robots\" content=\"index, follow, max-snippet:-1, max-image-preview:large, max-video-preview:-1\" \/>\n<link rel=\"canonical\" href=\"https:\/\/www.polynt.com\/pt-pt\/financial-info\/executive-summary\/\" \/>\n<meta property=\"og:locale\" content=\"pt_PT\" \/>\n<meta property=\"og:type\" content=\"article\" \/>\n<meta property=\"og:title\" content=\"Sum\u00e1rio executivo - Polynt\" \/>\n<meta property=\"og:description\" content=\"Todos os marcos da nossa hist\u00f3ria A Polynt foi fundada em 1955 com um site industrial em Scanzorosciate (Bergamo), onde &hellip;\" \/>\n<meta property=\"og:url\" content=\"https:\/\/www.polynt.com\/pt-pt\/financial-info\/executive-summary\/\" \/>\n<meta property=\"og:site_name\" content=\"Polynt\" \/>\n<meta property=\"article:modified_time\" content=\"2023-11-08T13:24:13+00:00\" \/>\n<meta name=\"twitter:card\" content=\"summary_large_image\" \/>\n<meta name=\"twitter:label1\" content=\"Tempo estimado de leitura\" \/>\n\t<meta name=\"twitter:data1\" content=\"4 minutos\" \/>\n<script type=\"application\/ld+json\" class=\"yoast-schema-graph\">{\"@context\":\"https:\/\/schema.org\",\"@graph\":[{\"@type\":\"WebPage\",\"@id\":\"https:\/\/www.polynt.com\/pt-pt\/financial-info\/executive-summary\/\",\"url\":\"https:\/\/www.polynt.com\/pt-pt\/financial-info\/executive-summary\/\",\"name\":\"Sum\u00e1rio executivo - Polynt\",\"isPartOf\":{\"@id\":\"https:\/\/www.polynt.com\/#website\"},\"datePublished\":\"2016-12-07T15:22:06+00:00\",\"dateModified\":\"2023-11-08T13:24:13+00:00\",\"breadcrumb\":{\"@id\":\"https:\/\/www.polynt.com\/pt-pt\/financial-info\/executive-summary\/#breadcrumb\"},\"inLanguage\":\"pt-PT\",\"potentialAction\":[{\"@type\":\"ReadAction\",\"target\":[\"https:\/\/www.polynt.com\/pt-pt\/financial-info\/executive-summary\/\"]}]},{\"@type\":\"BreadcrumbList\",\"@id\":\"https:\/\/www.polynt.com\/pt-pt\/financial-info\/executive-summary\/#breadcrumb\",\"itemListElement\":[{\"@type\":\"ListItem\",\"position\":1,\"name\":\"Home\",\"item\":\"https:\/\/www.polynt.com\/pt-pt\/\"},{\"@type\":\"ListItem\",\"position\":2,\"name\":\"Informa\u00e7\u00f5es Corporativas\",\"item\":\"https:\/\/www.polynt.com\/pt-pt\/financial-info\/\"},{\"@type\":\"ListItem\",\"position\":3,\"name\":\"Sum\u00e1rio executivo\"}]},{\"@type\":\"WebSite\",\"@id\":\"https:\/\/www.polynt.com\/#website\",\"url\":\"https:\/\/www.polynt.com\/\",\"name\":\"Polynt\",\"description\":\"Un nuovo sito targato WordPress\",\"potentialAction\":[{\"@type\":\"SearchAction\",\"target\":{\"@type\":\"EntryPoint\",\"urlTemplate\":\"https:\/\/www.polynt.com\/?s={search_term_string}\"},\"query-input\":{\"@type\":\"PropertyValueSpecification\",\"valueRequired\":true,\"valueName\":\"search_term_string\"}}],\"inLanguage\":\"pt-PT\"}]}<\/script>\n<!-- \/ Yoast SEO plugin. -->","yoast_head_json":{"title":"Sum\u00e1rio executivo - Polynt","robots":{"index":"index","follow":"follow","max-snippet":"max-snippet:-1","max-image-preview":"max-image-preview:large","max-video-preview":"max-video-preview:-1"},"canonical":"https:\/\/www.polynt.com\/pt-pt\/financial-info\/executive-summary\/","og_locale":"pt_PT","og_type":"article","og_title":"Sum\u00e1rio executivo - Polynt","og_description":"Todos os marcos da nossa hist\u00f3ria A Polynt foi fundada em 1955 com um site industrial em Scanzorosciate (Bergamo), onde &hellip;","og_url":"https:\/\/www.polynt.com\/pt-pt\/financial-info\/executive-summary\/","og_site_name":"Polynt","article_modified_time":"2023-11-08T13:24:13+00:00","twitter_card":"summary_large_image","twitter_misc":{"Tempo estimado de leitura":"4 minutos"},"schema":{"@context":"https:\/\/schema.org","@graph":[{"@type":"WebPage","@id":"https:\/\/www.polynt.com\/pt-pt\/financial-info\/executive-summary\/","url":"https:\/\/www.polynt.com\/pt-pt\/financial-info\/executive-summary\/","name":"Sum\u00e1rio executivo - Polynt","isPartOf":{"@id":"https:\/\/www.polynt.com\/#website"},"datePublished":"2016-12-07T15:22:06+00:00","dateModified":"2023-11-08T13:24:13+00:00","breadcrumb":{"@id":"https:\/\/www.polynt.com\/pt-pt\/financial-info\/executive-summary\/#breadcrumb"},"inLanguage":"pt-PT","potentialAction":[{"@type":"ReadAction","target":["https:\/\/www.polynt.com\/pt-pt\/financial-info\/executive-summary\/"]}]},{"@type":"BreadcrumbList","@id":"https:\/\/www.polynt.com\/pt-pt\/financial-info\/executive-summary\/#breadcrumb","itemListElement":[{"@type":"ListItem","position":1,"name":"Home","item":"https:\/\/www.polynt.com\/pt-pt\/"},{"@type":"ListItem","position":2,"name":"Informa\u00e7\u00f5es Corporativas","item":"https:\/\/www.polynt.com\/pt-pt\/financial-info\/"},{"@type":"ListItem","position":3,"name":"Sum\u00e1rio executivo"}]},{"@type":"WebSite","@id":"https:\/\/www.polynt.com\/#website","url":"https:\/\/www.polynt.com\/","name":"Polynt","description":"Un nuovo sito targato WordPress","potentialAction":[{"@type":"SearchAction","target":{"@type":"EntryPoint","urlTemplate":"https:\/\/www.polynt.com\/?s={search_term_string}"},"query-input":{"@type":"PropertyValueSpecification","valueRequired":true,"valueName":"search_term_string"}}],"inLanguage":"pt-PT"}]}},"_links":{"self":[{"href":"https:\/\/www.polynt.com\/pt-pt\/wp-json\/wp\/v2\/pages\/10626","targetHints":{"allow":["GET"]}}],"collection":[{"href":"https:\/\/www.polynt.com\/pt-pt\/wp-json\/wp\/v2\/pages"}],"about":[{"href":"https:\/\/www.polynt.com\/pt-pt\/wp-json\/wp\/v2\/types\/page"}],"author":[{"embeddable":true,"href":"https:\/\/www.polynt.com\/pt-pt\/wp-json\/wp\/v2\/users\/1"}],"replies":[{"embeddable":true,"href":"https:\/\/www.polynt.com\/pt-pt\/wp-json\/wp\/v2\/comments?post=10626"}],"version-history":[{"count":9,"href":"https:\/\/www.polynt.com\/pt-pt\/wp-json\/wp\/v2\/pages\/10626\/revisions"}],"predecessor-version":[{"id":29041,"href":"https:\/\/www.polynt.com\/pt-pt\/wp-json\/wp\/v2\/pages\/10626\/revisions\/29041"}],"up":[{"embeddable":true,"href":"https:\/\/www.polynt.com\/pt-pt\/wp-json\/wp\/v2\/pages\/10623"}],"wp:attachment":[{"href":"https:\/\/www.polynt.com\/pt-pt\/wp-json\/wp\/v2\/media?parent=10626"}],"curies":[{"name":"wp","href":"https:\/\/api.w.org\/{rel}","templated":true}]}}