{"id":10636,"date":"2016-12-07T17:11:32","date_gmt":"2016-12-07T16:11:32","guid":{"rendered":"http:\/\/www.polynt.com\/financial-info\/shareholders\/"},"modified":"2025-09-25T13:06:40","modified_gmt":"2025-09-25T11:06:40","slug":"azionisti","status":"publish","type":"page","link":"https:\/\/www.polynt.com\/pt-pt\/financial-info\/azionisti\/","title":{"rendered":"Accionistas"},"content":{"rendered":"<p>A Black Diamond Capital Management \u00e9 uma empresa l\u00edder na gest\u00e3o de ativos alternativos de capital fechado com mais de 09 bilh\u00f5es em ativos sob sua gest\u00e3o. Com controle complementar de patrim\u00f4nios privados estressados, fundos de hedge, fundos mezanino e CLO e outros ve\u00edculos estruturados, a Black Diamond \u00e9 especializada em cr\u00e9ditos de alto rendimento, cr\u00e9ditos estressados e n\u00e3o estressados, reestrutura\u00e7\u00e3o e viradas de neg\u00f3cios, focados em investimentos em t\u00edtulos de d\u00edvidas que ofere\u00e7am prote\u00e7\u00e3o estruturada e com ativos subjacentes substanciais. Os fundos de controle de patrim\u00f4nios privados\/em situa\u00e7\u00e3o de dificuldade mais especificamente em empresas de mercados medianos, com posi\u00e7\u00f5es d lideran\u00e7a em seus segmentos. A Firma utiliza um processo disciplinado de investimento que sintetiza an\u00e1lises de cr\u00e9dito bottom-up com um profundo conhecimento em sistemas de cr\u00e9dito. Fundada em 1995, a Black Diamond emprega 40 profissionais da \u00e1rea de investimentos e tem escrit\u00f3rios em Stamford CT, St Thomas USVI e Londres, na Inglaterra. Para maiores informa\u00e7\u00f5es, por favor, visite o site <a href=\"http:\/\/www.bdcm.com\">www.bdcm.com<\/a>.<\/p>\n<p><a href=\"https:\/\/www.polynt.com\/wp-content\/uploads\/2025\/09\/new-GROUP-STRUCTURE-effective-22-September-2025.pdf\">Polynt Company Structure<\/a><\/p>\n","protected":false},"excerpt":{"rendered":"<p>A Black Diamond Capital Management \u00e9 uma empresa l\u00edder na gest\u00e3o de ativos alternativos de capital fechado com mais de &hellip;<\/p>\n","protected":false},"author":1,"featured_media":0,"parent":10623,"menu_order":4,"comment_status":"closed","ping_status":"closed","template":"template-financial-info-single.php","meta":{"footnotes":""},"class_list":["post-10636","page","type-page","status-publish","hentry","odd"],"yoast_head":"<!-- This site is optimized with the Yoast SEO plugin v24.8.1 - https:\/\/yoast.com\/wordpress\/plugins\/seo\/ -->\n<title>Accionistas - Polynt<\/title>\n<meta name=\"robots\" content=\"index, follow, max-snippet:-1, max-image-preview:large, max-video-preview:-1\" \/>\n<link rel=\"canonical\" href=\"https:\/\/www.polynt.com\/pt-pt\/financial-info\/azionisti\/\" \/>\n<meta property=\"og:locale\" content=\"pt_PT\" \/>\n<meta property=\"og:type\" content=\"article\" \/>\n<meta property=\"og:title\" content=\"Accionistas - Polynt\" \/>\n<meta property=\"og:description\" content=\"A Black Diamond Capital Management \u00e9 uma empresa l\u00edder na gest\u00e3o de ativos alternativos de capital fechado com mais de &hellip;\" \/>\n<meta property=\"og:url\" content=\"https:\/\/www.polynt.com\/pt-pt\/financial-info\/azionisti\/\" \/>\n<meta property=\"og:site_name\" content=\"Polynt\" \/>\n<meta property=\"article:modified_time\" content=\"2025-09-25T11:06:40+00:00\" \/>\n<meta name=\"twitter:card\" content=\"summary_large_image\" \/>\n<meta name=\"twitter:label1\" content=\"Tempo estimado de leitura\" \/>\n\t<meta name=\"twitter:data1\" content=\"1 minuto\" \/>\n<script type=\"application\/ld+json\" class=\"yoast-schema-graph\">{\"@context\":\"https:\/\/schema.org\",\"@graph\":[{\"@type\":\"WebPage\",\"@id\":\"https:\/\/www.polynt.com\/pt-pt\/financial-info\/azionisti\/\",\"url\":\"https:\/\/www.polynt.com\/pt-pt\/financial-info\/azionisti\/\",\"name\":\"Accionistas - Polynt\",\"isPartOf\":{\"@id\":\"https:\/\/www.polynt.com\/#website\"},\"datePublished\":\"2016-12-07T16:11:32+00:00\",\"dateModified\":\"2025-09-25T11:06:40+00:00\",\"breadcrumb\":{\"@id\":\"https:\/\/www.polynt.com\/pt-pt\/financial-info\/azionisti\/#breadcrumb\"},\"inLanguage\":\"pt-PT\",\"potentialAction\":[{\"@type\":\"ReadAction\",\"target\":[\"https:\/\/www.polynt.com\/pt-pt\/financial-info\/azionisti\/\"]}]},{\"@type\":\"BreadcrumbList\",\"@id\":\"https:\/\/www.polynt.com\/pt-pt\/financial-info\/azionisti\/#breadcrumb\",\"itemListElement\":[{\"@type\":\"ListItem\",\"position\":1,\"name\":\"Home\",\"item\":\"https:\/\/www.polynt.com\/pt-pt\/\"},{\"@type\":\"ListItem\",\"position\":2,\"name\":\"Informa\u00e7\u00f5es Corporativas\",\"item\":\"https:\/\/www.polynt.com\/pt-pt\/financial-info\/\"},{\"@type\":\"ListItem\",\"position\":3,\"name\":\"Accionistas\"}]},{\"@type\":\"WebSite\",\"@id\":\"https:\/\/www.polynt.com\/#website\",\"url\":\"https:\/\/www.polynt.com\/\",\"name\":\"Polynt\",\"description\":\"Un nuovo sito targato WordPress\",\"potentialAction\":[{\"@type\":\"SearchAction\",\"target\":{\"@type\":\"EntryPoint\",\"urlTemplate\":\"https:\/\/www.polynt.com\/?s={search_term_string}\"},\"query-input\":{\"@type\":\"PropertyValueSpecification\",\"valueRequired\":true,\"valueName\":\"search_term_string\"}}],\"inLanguage\":\"pt-PT\"}]}<\/script>\n<!-- \/ Yoast SEO plugin. -->","yoast_head_json":{"title":"Accionistas - Polynt","robots":{"index":"index","follow":"follow","max-snippet":"max-snippet:-1","max-image-preview":"max-image-preview:large","max-video-preview":"max-video-preview:-1"},"canonical":"https:\/\/www.polynt.com\/pt-pt\/financial-info\/azionisti\/","og_locale":"pt_PT","og_type":"article","og_title":"Accionistas - Polynt","og_description":"A Black Diamond Capital Management \u00e9 uma empresa l\u00edder na gest\u00e3o de ativos alternativos de capital fechado com mais de &hellip;","og_url":"https:\/\/www.polynt.com\/pt-pt\/financial-info\/azionisti\/","og_site_name":"Polynt","article_modified_time":"2025-09-25T11:06:40+00:00","twitter_card":"summary_large_image","twitter_misc":{"Tempo estimado de leitura":"1 minuto"},"schema":{"@context":"https:\/\/schema.org","@graph":[{"@type":"WebPage","@id":"https:\/\/www.polynt.com\/pt-pt\/financial-info\/azionisti\/","url":"https:\/\/www.polynt.com\/pt-pt\/financial-info\/azionisti\/","name":"Accionistas - Polynt","isPartOf":{"@id":"https:\/\/www.polynt.com\/#website"},"datePublished":"2016-12-07T16:11:32+00:00","dateModified":"2025-09-25T11:06:40+00:00","breadcrumb":{"@id":"https:\/\/www.polynt.com\/pt-pt\/financial-info\/azionisti\/#breadcrumb"},"inLanguage":"pt-PT","potentialAction":[{"@type":"ReadAction","target":["https:\/\/www.polynt.com\/pt-pt\/financial-info\/azionisti\/"]}]},{"@type":"BreadcrumbList","@id":"https:\/\/www.polynt.com\/pt-pt\/financial-info\/azionisti\/#breadcrumb","itemListElement":[{"@type":"ListItem","position":1,"name":"Home","item":"https:\/\/www.polynt.com\/pt-pt\/"},{"@type":"ListItem","position":2,"name":"Informa\u00e7\u00f5es Corporativas","item":"https:\/\/www.polynt.com\/pt-pt\/financial-info\/"},{"@type":"ListItem","position":3,"name":"Accionistas"}]},{"@type":"WebSite","@id":"https:\/\/www.polynt.com\/#website","url":"https:\/\/www.polynt.com\/","name":"Polynt","description":"Un nuovo sito targato WordPress","potentialAction":[{"@type":"SearchAction","target":{"@type":"EntryPoint","urlTemplate":"https:\/\/www.polynt.com\/?s={search_term_string}"},"query-input":{"@type":"PropertyValueSpecification","valueRequired":true,"valueName":"search_term_string"}}],"inLanguage":"pt-PT"}]}},"_links":{"self":[{"href":"https:\/\/www.polynt.com\/pt-pt\/wp-json\/wp\/v2\/pages\/10636","targetHints":{"allow":["GET"]}}],"collection":[{"href":"https:\/\/www.polynt.com\/pt-pt\/wp-json\/wp\/v2\/pages"}],"about":[{"href":"https:\/\/www.polynt.com\/pt-pt\/wp-json\/wp\/v2\/types\/page"}],"author":[{"embeddable":true,"href":"https:\/\/www.polynt.com\/pt-pt\/wp-json\/wp\/v2\/users\/1"}],"replies":[{"embeddable":true,"href":"https:\/\/www.polynt.com\/pt-pt\/wp-json\/wp\/v2\/comments?post=10636"}],"version-history":[{"count":41,"href":"https:\/\/www.polynt.com\/pt-pt\/wp-json\/wp\/v2\/pages\/10636\/revisions"}],"predecessor-version":[{"id":32439,"href":"https:\/\/www.polynt.com\/pt-pt\/wp-json\/wp\/v2\/pages\/10636\/revisions\/32439"}],"up":[{"embeddable":true,"href":"https:\/\/www.polynt.com\/pt-pt\/wp-json\/wp\/v2\/pages\/10623"}],"wp:attachment":[{"href":"https:\/\/www.polynt.com\/pt-pt\/wp-json\/wp\/v2\/media?parent=10636"}],"curies":[{"name":"wp","href":"https:\/\/api.w.org\/{rel}","templated":true}]}}