{"id":10864,"date":"2016-11-28T12:12:04","date_gmt":"2016-11-28T11:12:04","guid":{"rendered":"http:\/\/www.polynt.com\/settori\/"},"modified":"2022-03-03T15:07:03","modified_gmt":"2022-03-03T14:07:03","slug":"settori","status":"publish","type":"page","link":"https:\/\/www.polynt.com\/pt-pt\/settori\/","title":{"rendered":"Setores de aplica\u00e7\u00e3o"},"content":{"rendered":"<h1 style=\"text-align: left;\">Uma gama abrangente de produtos, disponiveis para cada setor e aplica\u00e7\u00e3o industrial<\/h1>\n<p>A ampla gama de produtos Polynt \u00e9 usada em muitos setores industriais: de agroqu\u00edmicos, design de interiores, automotivo, t\u00eaxtil, at\u00e9 ind\u00fastria aliment\u00edcia.<\/p>\n","protected":false},"excerpt":{"rendered":"<p>Uma gama abrangente de produtos, disponiveis para cada setor e aplica\u00e7\u00e3o industrial A ampla gama de produtos Polynt \u00e9 usada &hellip;<\/p>\n","protected":false},"author":1,"featured_media":0,"parent":0,"menu_order":0,"comment_status":"closed","ping_status":"closed","template":"template-sectors.php","meta":{"footnotes":""},"class_list":["post-10864","page","type-page","status-publish","hentry","odd"],"yoast_head":"<!-- This site is optimized with the Yoast SEO plugin v24.8.1 - https:\/\/yoast.com\/wordpress\/plugins\/seo\/ -->\n<title>Setores de aplica\u00e7\u00e3o - Polynt<\/title>\n<meta name=\"robots\" content=\"index, follow, max-snippet:-1, max-image-preview:large, max-video-preview:-1\" \/>\n<link rel=\"canonical\" href=\"https:\/\/www.polynt.com\/pt-pt\/settori\/\" \/>\n<meta property=\"og:locale\" content=\"pt_PT\" \/>\n<meta property=\"og:type\" content=\"article\" \/>\n<meta property=\"og:title\" content=\"Setores de aplica\u00e7\u00e3o - Polynt\" \/>\n<meta property=\"og:description\" content=\"Uma gama abrangente de produtos, disponiveis para cada setor e aplica\u00e7\u00e3o industrial A ampla gama de produtos Polynt \u00e9 usada &hellip;\" \/>\n<meta property=\"og:url\" content=\"https:\/\/www.polynt.com\/pt-pt\/settori\/\" \/>\n<meta property=\"og:site_name\" content=\"Polynt\" \/>\n<meta property=\"article:modified_time\" content=\"2022-03-03T14:07:03+00:00\" \/>\n<meta name=\"twitter:card\" content=\"summary_large_image\" \/>\n<script type=\"application\/ld+json\" class=\"yoast-schema-graph\">{\"@context\":\"https:\/\/schema.org\",\"@graph\":[{\"@type\":\"WebPage\",\"@id\":\"https:\/\/www.polynt.com\/pt-pt\/settori\/\",\"url\":\"https:\/\/www.polynt.com\/pt-pt\/settori\/\",\"name\":\"Setores de aplica\u00e7\u00e3o - Polynt\",\"isPartOf\":{\"@id\":\"https:\/\/www.polynt.com\/#website\"},\"datePublished\":\"2016-11-28T11:12:04+00:00\",\"dateModified\":\"2022-03-03T14:07:03+00:00\",\"breadcrumb\":{\"@id\":\"https:\/\/www.polynt.com\/pt-pt\/settori\/#breadcrumb\"},\"inLanguage\":\"pt-PT\",\"potentialAction\":[{\"@type\":\"ReadAction\",\"target\":[\"https:\/\/www.polynt.com\/pt-pt\/settori\/\"]}]},{\"@type\":\"BreadcrumbList\",\"@id\":\"https:\/\/www.polynt.com\/pt-pt\/settori\/#breadcrumb\",\"itemListElement\":[{\"@type\":\"ListItem\",\"position\":1,\"name\":\"Home\",\"item\":\"https:\/\/www.polynt.com\/pt-pt\/\"},{\"@type\":\"ListItem\",\"position\":2,\"name\":\"Setores de aplica\u00e7\u00e3o\"}]},{\"@type\":\"WebSite\",\"@id\":\"https:\/\/www.polynt.com\/#website\",\"url\":\"https:\/\/www.polynt.com\/\",\"name\":\"Polynt\",\"description\":\"Un nuovo sito targato WordPress\",\"potentialAction\":[{\"@type\":\"SearchAction\",\"target\":{\"@type\":\"EntryPoint\",\"urlTemplate\":\"https:\/\/www.polynt.com\/?s={search_term_string}\"},\"query-input\":{\"@type\":\"PropertyValueSpecification\",\"valueRequired\":true,\"valueName\":\"search_term_string\"}}],\"inLanguage\":\"pt-PT\"}]}<\/script>\n<!-- \/ Yoast SEO plugin. -->","yoast_head_json":{"title":"Setores de aplica\u00e7\u00e3o - Polynt","robots":{"index":"index","follow":"follow","max-snippet":"max-snippet:-1","max-image-preview":"max-image-preview:large","max-video-preview":"max-video-preview:-1"},"canonical":"https:\/\/www.polynt.com\/pt-pt\/settori\/","og_locale":"pt_PT","og_type":"article","og_title":"Setores de aplica\u00e7\u00e3o - Polynt","og_description":"Uma gama abrangente de produtos, disponiveis para cada setor e aplica\u00e7\u00e3o industrial A ampla gama de produtos Polynt \u00e9 usada &hellip;","og_url":"https:\/\/www.polynt.com\/pt-pt\/settori\/","og_site_name":"Polynt","article_modified_time":"2022-03-03T14:07:03+00:00","twitter_card":"summary_large_image","schema":{"@context":"https:\/\/schema.org","@graph":[{"@type":"WebPage","@id":"https:\/\/www.polynt.com\/pt-pt\/settori\/","url":"https:\/\/www.polynt.com\/pt-pt\/settori\/","name":"Setores de aplica\u00e7\u00e3o - Polynt","isPartOf":{"@id":"https:\/\/www.polynt.com\/#website"},"datePublished":"2016-11-28T11:12:04+00:00","dateModified":"2022-03-03T14:07:03+00:00","breadcrumb":{"@id":"https:\/\/www.polynt.com\/pt-pt\/settori\/#breadcrumb"},"inLanguage":"pt-PT","potentialAction":[{"@type":"ReadAction","target":["https:\/\/www.polynt.com\/pt-pt\/settori\/"]}]},{"@type":"BreadcrumbList","@id":"https:\/\/www.polynt.com\/pt-pt\/settori\/#breadcrumb","itemListElement":[{"@type":"ListItem","position":1,"name":"Home","item":"https:\/\/www.polynt.com\/pt-pt\/"},{"@type":"ListItem","position":2,"name":"Setores de aplica\u00e7\u00e3o"}]},{"@type":"WebSite","@id":"https:\/\/www.polynt.com\/#website","url":"https:\/\/www.polynt.com\/","name":"Polynt","description":"Un nuovo sito targato WordPress","potentialAction":[{"@type":"SearchAction","target":{"@type":"EntryPoint","urlTemplate":"https:\/\/www.polynt.com\/?s={search_term_string}"},"query-input":{"@type":"PropertyValueSpecification","valueRequired":true,"valueName":"search_term_string"}}],"inLanguage":"pt-PT"}]}},"_links":{"self":[{"href":"https:\/\/www.polynt.com\/pt-pt\/wp-json\/wp\/v2\/pages\/10864","targetHints":{"allow":["GET"]}}],"collection":[{"href":"https:\/\/www.polynt.com\/pt-pt\/wp-json\/wp\/v2\/pages"}],"about":[{"href":"https:\/\/www.polynt.com\/pt-pt\/wp-json\/wp\/v2\/types\/page"}],"author":[{"embeddable":true,"href":"https:\/\/www.polynt.com\/pt-pt\/wp-json\/wp\/v2\/users\/1"}],"replies":[{"embeddable":true,"href":"https:\/\/www.polynt.com\/pt-pt\/wp-json\/wp\/v2\/comments?post=10864"}],"version-history":[{"count":3,"href":"https:\/\/www.polynt.com\/pt-pt\/wp-json\/wp\/v2\/pages\/10864\/revisions"}],"predecessor-version":[{"id":24917,"href":"https:\/\/www.polynt.com\/pt-pt\/wp-json\/wp\/v2\/pages\/10864\/revisions\/24917"}],"wp:attachment":[{"href":"https:\/\/www.polynt.com\/pt-pt\/wp-json\/wp\/v2\/media?parent=10864"}],"curies":[{"name":"wp","href":"https:\/\/api.w.org\/{rel}","templated":true}]}}