{"id":23328,"date":"2022-01-24T12:30:13","date_gmt":"2022-01-24T11:30:13","guid":{"rendered":"https:\/\/www.polynt.com\/sustainability\/polynt-group-approach\/"},"modified":"2022-02-25T15:46:28","modified_gmt":"2022-02-25T14:46:28","slug":"polynt-group-approach","status":"publish","type":"page","link":"https:\/\/www.polynt.com\/pt-pt\/sustainability\/polynt-group-approach\/","title":{"rendered":"A abordagem do Grupo Polynt"},"content":{"rendered":"<h2>A abordagem do Grupo Polynt<\/h2>\n<p>No Grupo Polynt, sabemos que para atingir sucesso duradouro, o crescimento econ\u00f4mico deve respeitar regras \u00e9ticas: desempenho financeiro com responsabilidade social corporativa e desenvolvimento industrial com prote\u00e7\u00e3o ao meio ambiente. <\/p>\n<p>Como l\u00edder na produ\u00e7\u00e3o de Composites e Intermedi\u00e1rios, damos grande import\u00e2ncia \u00e0 sustentabilidade, que \u00e9 uma parte integral de nossas pr\u00e1ticas de neg\u00f3cios. Guiados por uma forte lideran\u00e7a e senso de responsabilidade, estamos comprometidos a construir um futuro melhor e atuar em papel de lideran\u00e7a em uma nova era de qu\u00edmica sustent\u00e1vel.<\/p>\n<p>Para atingir nossa meta, envolvemos nossos Stakeholders em comunica\u00e7\u00e3o aberta e constante, com o foco em criar valor e compartilhamento com nossos colaboradores, clientes, parceiros, fornecedores, investidores e comunidades locais.<\/p>\n<p>O modelo de governan\u00e7a de nosso grupo reflete nosso comprometimento com uma cultura de \u00e9tica, integridade e responsabilidade em todas as \u00e1reas de nossos neg\u00f3cios e em toda nossa cadeia de valor.<br \/>\nApoiados em nossa experi\u00eancia nessa \u00e1rea, estamos comprometidos a um modelo sustent\u00e1vel baseado em solu\u00e7\u00f5es com alto desempenho ambiental e de seguran\u00e7a, oferecendo produtos que excedem \u00e0s expectativas de nossos clientes.<\/p>\n<p>Consideramos Metas de Desenvolvimento Sustent\u00e1vel que orientam a Agenda 2030 das Na\u00e7\u00f5es Unidas (metas de Desenvolvimento Sustent\u00e1vel) como estrutura para basearmos nossas a\u00e7\u00f5es na transi\u00e7\u00e3o para um futuro qu\u00edmico mais sustent\u00e1vel.<\/p>\n","protected":false},"excerpt":{"rendered":"<p>A abordagem do Grupo Polynt No Grupo Polynt, sabemos que para atingir sucesso duradouro, o crescimento econ\u00f4mico deve respeitar regras &hellip;<\/p>\n","protected":false},"author":1,"featured_media":0,"parent":23317,"menu_order":0,"comment_status":"closed","ping_status":"closed","template":"template-financial-info-single.php","meta":{"footnotes":""},"class_list":["post-23328","page","type-page","status-publish","hentry","odd"],"yoast_head":"<!-- This site is optimized with the Yoast SEO plugin v24.8.1 - https:\/\/yoast.com\/wordpress\/plugins\/seo\/ -->\n<title>Executive summary | Polynt Group<\/title>\n<meta name=\"description\" content=\"Executive summary | Polynt Group offers company detail about its executive. The group is specialized in the production of Composites, intermediates and coatings.\" \/>\n<meta name=\"robots\" content=\"index, follow, max-snippet:-1, max-image-preview:large, max-video-preview:-1\" \/>\n<link rel=\"canonical\" href=\"https:\/\/www.polynt.com\/pt-pt\/sustainability\/polynt-group-approach\/\" \/>\n<meta property=\"og:locale\" content=\"pt_PT\" \/>\n<meta property=\"og:type\" content=\"article\" \/>\n<meta property=\"og:title\" content=\"Executive summary | Polynt Group\" \/>\n<meta property=\"og:description\" content=\"Executive summary | Polynt Group offers company detail about its executive. The group is specialized in the production of Composites, intermediates and coatings.\" \/>\n<meta property=\"og:url\" content=\"https:\/\/www.polynt.com\/pt-pt\/sustainability\/polynt-group-approach\/\" \/>\n<meta property=\"og:site_name\" content=\"Polynt\" \/>\n<meta property=\"article:modified_time\" content=\"2022-02-25T14:46:28+00:00\" \/>\n<meta name=\"twitter:card\" content=\"summary_large_image\" \/>\n<meta name=\"twitter:label1\" content=\"Tempo estimado de leitura\" \/>\n\t<meta name=\"twitter:data1\" content=\"1 minuto\" \/>\n<script type=\"application\/ld+json\" class=\"yoast-schema-graph\">{\"@context\":\"https:\/\/schema.org\",\"@graph\":[{\"@type\":\"WebPage\",\"@id\":\"https:\/\/www.polynt.com\/pt-pt\/sustainability\/polynt-group-approach\/\",\"url\":\"https:\/\/www.polynt.com\/pt-pt\/sustainability\/polynt-group-approach\/\",\"name\":\"Executive summary | Polynt Group\",\"isPartOf\":{\"@id\":\"https:\/\/www.polynt.com\/#website\"},\"datePublished\":\"2022-01-24T11:30:13+00:00\",\"dateModified\":\"2022-02-25T14:46:28+00:00\",\"description\":\"Executive summary | Polynt Group offers company detail about its executive. The group is specialized in the production of Composites, intermediates and coatings.\",\"breadcrumb\":{\"@id\":\"https:\/\/www.polynt.com\/pt-pt\/sustainability\/polynt-group-approach\/#breadcrumb\"},\"inLanguage\":\"pt-PT\",\"potentialAction\":[{\"@type\":\"ReadAction\",\"target\":[\"https:\/\/www.polynt.com\/pt-pt\/sustainability\/polynt-group-approach\/\"]}]},{\"@type\":\"BreadcrumbList\",\"@id\":\"https:\/\/www.polynt.com\/pt-pt\/sustainability\/polynt-group-approach\/#breadcrumb\",\"itemListElement\":[{\"@type\":\"ListItem\",\"position\":1,\"name\":\"Home\",\"item\":\"https:\/\/www.polynt.com\/pt-pt\/\"},{\"@type\":\"ListItem\",\"position\":2,\"name\":\"Sustentabilidade\",\"item\":\"https:\/\/www.polynt.com\/pt-pt\/sustainability\/\"},{\"@type\":\"ListItem\",\"position\":3,\"name\":\"A abordagem do Grupo Polynt\"}]},{\"@type\":\"WebSite\",\"@id\":\"https:\/\/www.polynt.com\/#website\",\"url\":\"https:\/\/www.polynt.com\/\",\"name\":\"Polynt\",\"description\":\"Un nuovo sito targato WordPress\",\"potentialAction\":[{\"@type\":\"SearchAction\",\"target\":{\"@type\":\"EntryPoint\",\"urlTemplate\":\"https:\/\/www.polynt.com\/?s={search_term_string}\"},\"query-input\":{\"@type\":\"PropertyValueSpecification\",\"valueRequired\":true,\"valueName\":\"search_term_string\"}}],\"inLanguage\":\"pt-PT\"}]}<\/script>\n<!-- \/ Yoast SEO plugin. -->","yoast_head_json":{"title":"Executive summary | Polynt Group","description":"Executive summary | Polynt Group offers company detail about its executive. The group is specialized in the production of Composites, intermediates and coatings.","robots":{"index":"index","follow":"follow","max-snippet":"max-snippet:-1","max-image-preview":"max-image-preview:large","max-video-preview":"max-video-preview:-1"},"canonical":"https:\/\/www.polynt.com\/pt-pt\/sustainability\/polynt-group-approach\/","og_locale":"pt_PT","og_type":"article","og_title":"Executive summary | Polynt Group","og_description":"Executive summary | Polynt Group offers company detail about its executive. The group is specialized in the production of Composites, intermediates and coatings.","og_url":"https:\/\/www.polynt.com\/pt-pt\/sustainability\/polynt-group-approach\/","og_site_name":"Polynt","article_modified_time":"2022-02-25T14:46:28+00:00","twitter_card":"summary_large_image","twitter_misc":{"Tempo estimado de leitura":"1 minuto"},"schema":{"@context":"https:\/\/schema.org","@graph":[{"@type":"WebPage","@id":"https:\/\/www.polynt.com\/pt-pt\/sustainability\/polynt-group-approach\/","url":"https:\/\/www.polynt.com\/pt-pt\/sustainability\/polynt-group-approach\/","name":"Executive summary | Polynt Group","isPartOf":{"@id":"https:\/\/www.polynt.com\/#website"},"datePublished":"2022-01-24T11:30:13+00:00","dateModified":"2022-02-25T14:46:28+00:00","description":"Executive summary | Polynt Group offers company detail about its executive. The group is specialized in the production of Composites, intermediates and coatings.","breadcrumb":{"@id":"https:\/\/www.polynt.com\/pt-pt\/sustainability\/polynt-group-approach\/#breadcrumb"},"inLanguage":"pt-PT","potentialAction":[{"@type":"ReadAction","target":["https:\/\/www.polynt.com\/pt-pt\/sustainability\/polynt-group-approach\/"]}]},{"@type":"BreadcrumbList","@id":"https:\/\/www.polynt.com\/pt-pt\/sustainability\/polynt-group-approach\/#breadcrumb","itemListElement":[{"@type":"ListItem","position":1,"name":"Home","item":"https:\/\/www.polynt.com\/pt-pt\/"},{"@type":"ListItem","position":2,"name":"Sustentabilidade","item":"https:\/\/www.polynt.com\/pt-pt\/sustainability\/"},{"@type":"ListItem","position":3,"name":"A abordagem do Grupo Polynt"}]},{"@type":"WebSite","@id":"https:\/\/www.polynt.com\/#website","url":"https:\/\/www.polynt.com\/","name":"Polynt","description":"Un nuovo sito targato WordPress","potentialAction":[{"@type":"SearchAction","target":{"@type":"EntryPoint","urlTemplate":"https:\/\/www.polynt.com\/?s={search_term_string}"},"query-input":{"@type":"PropertyValueSpecification","valueRequired":true,"valueName":"search_term_string"}}],"inLanguage":"pt-PT"}]}},"_links":{"self":[{"href":"https:\/\/www.polynt.com\/pt-pt\/wp-json\/wp\/v2\/pages\/23328","targetHints":{"allow":["GET"]}}],"collection":[{"href":"https:\/\/www.polynt.com\/pt-pt\/wp-json\/wp\/v2\/pages"}],"about":[{"href":"https:\/\/www.polynt.com\/pt-pt\/wp-json\/wp\/v2\/types\/page"}],"author":[{"embeddable":true,"href":"https:\/\/www.polynt.com\/pt-pt\/wp-json\/wp\/v2\/users\/1"}],"replies":[{"embeddable":true,"href":"https:\/\/www.polynt.com\/pt-pt\/wp-json\/wp\/v2\/comments?post=23328"}],"version-history":[{"count":6,"href":"https:\/\/www.polynt.com\/pt-pt\/wp-json\/wp\/v2\/pages\/23328\/revisions"}],"predecessor-version":[{"id":24747,"href":"https:\/\/www.polynt.com\/pt-pt\/wp-json\/wp\/v2\/pages\/23328\/revisions\/24747"}],"up":[{"embeddable":true,"href":"https:\/\/www.polynt.com\/pt-pt\/wp-json\/wp\/v2\/pages\/23317"}],"wp:attachment":[{"href":"https:\/\/www.polynt.com\/pt-pt\/wp-json\/wp\/v2\/media?parent=23328"}],"curies":[{"name":"wp","href":"https:\/\/api.w.org\/{rel}","templated":true}]}}