{"id":23342,"date":"2022-01-24T12:39:13","date_gmt":"2022-01-24T11:39:13","guid":{"rendered":"https:\/\/www.polynt.com\/?page_id=23342"},"modified":"2022-02-25T15:47:58","modified_gmt":"2022-02-25T14:47:58","slug":"dialogue-with-stakeholders","status":"publish","type":"page","link":"https:\/\/www.polynt.com\/pt-pt\/sustainability\/dialogue-with-stakeholders\/","title":{"rendered":"Di\u00e1logo com Stakeholders"},"content":{"rendered":"<h2>Di\u00e1logo com Stakeholders<\/h2>\n<p>A responsabilidade do Grupo Polynt \u00e9 criar valor sustent\u00e1vel e compartilhado para nossos clientes, colaboradores, investidores, fornecedores e comunidades que esperam que fa\u00e7amos uma contribui\u00e7\u00e3o positiva \u00e0 economia, ao meio ambiente e \u00e0 sociedade. <\/p>\n<p>O Grupo promove inova\u00e7\u00e3o ambiental e social atrav\u00e9s do engajamento proativo em di\u00e1logo com os atores que contribuem para a melhoria de nossas pr\u00e1ticas que permitem que atinjamos nossos objetivos.<\/p>\n<p>A responsabilidade de Grupo em rela\u00e7\u00e3o a sustentabilidade \u00e9 inspirada pela cont\u00ednua comunica\u00e7\u00e3o com nossos Stakeholders e isso contribui para o atingimento de nossos objetivos.<\/p>\n<p>O Grupo envolve os melhores recursos humanos e habilidades na gest\u00e3o de problemas com uma abordagem global de forma a tomar decis\u00f5es respons\u00e1veis tanto global quanto localmente.<\/p>\n","protected":false},"excerpt":{"rendered":"<p>Di\u00e1logo com Stakeholders A responsabilidade do Grupo Polynt \u00e9 criar valor sustent\u00e1vel e compartilhado para nossos clientes, colaboradores, investidores, fornecedores &hellip;<\/p>\n","protected":false},"author":1,"featured_media":0,"parent":23317,"menu_order":0,"comment_status":"closed","ping_status":"closed","template":"template-financial-info-single.php","meta":{"footnotes":""},"class_list":["post-23342","page","type-page","status-publish","hentry","odd"],"yoast_head":"<!-- This site is optimized with the Yoast SEO plugin v24.8.1 - https:\/\/yoast.com\/wordpress\/plugins\/seo\/ -->\n<title>Executive summary | Polynt Group<\/title>\n<meta name=\"description\" content=\"Executive summary | Polynt Group offers company detail about its executive. The group is specialized in the production of Composites, intermediates and coatings.\" \/>\n<meta name=\"robots\" content=\"index, follow, max-snippet:-1, max-image-preview:large, max-video-preview:-1\" \/>\n<link rel=\"canonical\" href=\"https:\/\/www.polynt.com\/pt-pt\/sustainability\/dialogue-with-stakeholders\/\" \/>\n<meta property=\"og:locale\" content=\"pt_PT\" \/>\n<meta property=\"og:type\" content=\"article\" \/>\n<meta property=\"og:title\" content=\"Executive summary | Polynt Group\" \/>\n<meta property=\"og:description\" content=\"Executive summary | Polynt Group offers company detail about its executive. The group is specialized in the production of Composites, intermediates and coatings.\" \/>\n<meta property=\"og:url\" content=\"https:\/\/www.polynt.com\/pt-pt\/sustainability\/dialogue-with-stakeholders\/\" \/>\n<meta property=\"og:site_name\" content=\"Polynt\" \/>\n<meta property=\"article:modified_time\" content=\"2022-02-25T14:47:58+00:00\" \/>\n<meta name=\"twitter:card\" content=\"summary_large_image\" \/>\n<meta name=\"twitter:label1\" content=\"Tempo estimado de leitura\" \/>\n\t<meta name=\"twitter:data1\" content=\"1 minuto\" \/>\n<script type=\"application\/ld+json\" class=\"yoast-schema-graph\">{\"@context\":\"https:\/\/schema.org\",\"@graph\":[{\"@type\":\"WebPage\",\"@id\":\"https:\/\/www.polynt.com\/pt-pt\/sustainability\/dialogue-with-stakeholders\/\",\"url\":\"https:\/\/www.polynt.com\/pt-pt\/sustainability\/dialogue-with-stakeholders\/\",\"name\":\"Executive summary | Polynt Group\",\"isPartOf\":{\"@id\":\"https:\/\/www.polynt.com\/#website\"},\"datePublished\":\"2022-01-24T11:39:13+00:00\",\"dateModified\":\"2022-02-25T14:47:58+00:00\",\"description\":\"Executive summary | Polynt Group offers company detail about its executive. The group is specialized in the production of Composites, intermediates and coatings.\",\"breadcrumb\":{\"@id\":\"https:\/\/www.polynt.com\/pt-pt\/sustainability\/dialogue-with-stakeholders\/#breadcrumb\"},\"inLanguage\":\"pt-PT\",\"potentialAction\":[{\"@type\":\"ReadAction\",\"target\":[\"https:\/\/www.polynt.com\/pt-pt\/sustainability\/dialogue-with-stakeholders\/\"]}]},{\"@type\":\"BreadcrumbList\",\"@id\":\"https:\/\/www.polynt.com\/pt-pt\/sustainability\/dialogue-with-stakeholders\/#breadcrumb\",\"itemListElement\":[{\"@type\":\"ListItem\",\"position\":1,\"name\":\"Home\",\"item\":\"https:\/\/www.polynt.com\/pt-pt\/\"},{\"@type\":\"ListItem\",\"position\":2,\"name\":\"Sustentabilidade\",\"item\":\"https:\/\/www.polynt.com\/pt-pt\/sustainability\/\"},{\"@type\":\"ListItem\",\"position\":3,\"name\":\"Di\u00e1logo com Stakeholders\"}]},{\"@type\":\"WebSite\",\"@id\":\"https:\/\/www.polynt.com\/#website\",\"url\":\"https:\/\/www.polynt.com\/\",\"name\":\"Polynt\",\"description\":\"Un nuovo sito targato WordPress\",\"potentialAction\":[{\"@type\":\"SearchAction\",\"target\":{\"@type\":\"EntryPoint\",\"urlTemplate\":\"https:\/\/www.polynt.com\/?s={search_term_string}\"},\"query-input\":{\"@type\":\"PropertyValueSpecification\",\"valueRequired\":true,\"valueName\":\"search_term_string\"}}],\"inLanguage\":\"pt-PT\"}]}<\/script>\n<!-- \/ Yoast SEO plugin. -->","yoast_head_json":{"title":"Executive summary | Polynt Group","description":"Executive summary | Polynt Group offers company detail about its executive. The group is specialized in the production of Composites, intermediates and coatings.","robots":{"index":"index","follow":"follow","max-snippet":"max-snippet:-1","max-image-preview":"max-image-preview:large","max-video-preview":"max-video-preview:-1"},"canonical":"https:\/\/www.polynt.com\/pt-pt\/sustainability\/dialogue-with-stakeholders\/","og_locale":"pt_PT","og_type":"article","og_title":"Executive summary | Polynt Group","og_description":"Executive summary | Polynt Group offers company detail about its executive. The group is specialized in the production of Composites, intermediates and coatings.","og_url":"https:\/\/www.polynt.com\/pt-pt\/sustainability\/dialogue-with-stakeholders\/","og_site_name":"Polynt","article_modified_time":"2022-02-25T14:47:58+00:00","twitter_card":"summary_large_image","twitter_misc":{"Tempo estimado de leitura":"1 minuto"},"schema":{"@context":"https:\/\/schema.org","@graph":[{"@type":"WebPage","@id":"https:\/\/www.polynt.com\/pt-pt\/sustainability\/dialogue-with-stakeholders\/","url":"https:\/\/www.polynt.com\/pt-pt\/sustainability\/dialogue-with-stakeholders\/","name":"Executive summary | Polynt Group","isPartOf":{"@id":"https:\/\/www.polynt.com\/#website"},"datePublished":"2022-01-24T11:39:13+00:00","dateModified":"2022-02-25T14:47:58+00:00","description":"Executive summary | Polynt Group offers company detail about its executive. The group is specialized in the production of Composites, intermediates and coatings.","breadcrumb":{"@id":"https:\/\/www.polynt.com\/pt-pt\/sustainability\/dialogue-with-stakeholders\/#breadcrumb"},"inLanguage":"pt-PT","potentialAction":[{"@type":"ReadAction","target":["https:\/\/www.polynt.com\/pt-pt\/sustainability\/dialogue-with-stakeholders\/"]}]},{"@type":"BreadcrumbList","@id":"https:\/\/www.polynt.com\/pt-pt\/sustainability\/dialogue-with-stakeholders\/#breadcrumb","itemListElement":[{"@type":"ListItem","position":1,"name":"Home","item":"https:\/\/www.polynt.com\/pt-pt\/"},{"@type":"ListItem","position":2,"name":"Sustentabilidade","item":"https:\/\/www.polynt.com\/pt-pt\/sustainability\/"},{"@type":"ListItem","position":3,"name":"Di\u00e1logo com Stakeholders"}]},{"@type":"WebSite","@id":"https:\/\/www.polynt.com\/#website","url":"https:\/\/www.polynt.com\/","name":"Polynt","description":"Un nuovo sito targato WordPress","potentialAction":[{"@type":"SearchAction","target":{"@type":"EntryPoint","urlTemplate":"https:\/\/www.polynt.com\/?s={search_term_string}"},"query-input":{"@type":"PropertyValueSpecification","valueRequired":true,"valueName":"search_term_string"}}],"inLanguage":"pt-PT"}]}},"_links":{"self":[{"href":"https:\/\/www.polynt.com\/pt-pt\/wp-json\/wp\/v2\/pages\/23342","targetHints":{"allow":["GET"]}}],"collection":[{"href":"https:\/\/www.polynt.com\/pt-pt\/wp-json\/wp\/v2\/pages"}],"about":[{"href":"https:\/\/www.polynt.com\/pt-pt\/wp-json\/wp\/v2\/types\/page"}],"author":[{"embeddable":true,"href":"https:\/\/www.polynt.com\/pt-pt\/wp-json\/wp\/v2\/users\/1"}],"replies":[{"embeddable":true,"href":"https:\/\/www.polynt.com\/pt-pt\/wp-json\/wp\/v2\/comments?post=23342"}],"version-history":[{"count":7,"href":"https:\/\/www.polynt.com\/pt-pt\/wp-json\/wp\/v2\/pages\/23342\/revisions"}],"predecessor-version":[{"id":24748,"href":"https:\/\/www.polynt.com\/pt-pt\/wp-json\/wp\/v2\/pages\/23342\/revisions\/24748"}],"up":[{"embeddable":true,"href":"https:\/\/www.polynt.com\/pt-pt\/wp-json\/wp\/v2\/pages\/23317"}],"wp:attachment":[{"href":"https:\/\/www.polynt.com\/pt-pt\/wp-json\/wp\/v2\/media?parent=23342"}],"curies":[{"name":"wp","href":"https:\/\/api.w.org\/{rel}","templated":true}]}}