{"id":23357,"date":"2022-01-24T12:44:19","date_gmt":"2022-01-24T11:44:19","guid":{"rendered":"https:\/\/www.polynt.com\/sustainability\/sustainability-statement-and-scoring\/"},"modified":"2025-12-17T10:23:18","modified_gmt":"2025-12-17T09:23:18","slug":"sustainability-statement-and-scoring","status":"publish","type":"page","link":"https:\/\/www.polynt.com\/pt-pt\/sustainability\/sustainability-statement-and-scoring\/","title":{"rendered":"Declara\u00e7\u00e3o de Sustentabilidade e Pontua\u00e7\u00e3o"},"content":{"rendered":"<h2>Declara\u00e7\u00d5es<\/h2>\n<h5><a href=\"https:\/\/www.polynt.com\/wp-content\/uploads\/2023\/07\/Sustainability-Report-2022.pdf\">Group Sustainability Report 2022<\/a><\/h5>\n<h5><a href=\"https:\/\/www.polynt.com\/wp-content\/uploads\/2024\/05\/Sustainability-Report-2023.pdf\">Group Sustainability Report 2023<\/a><\/h5>\n<h5><a href=\"https:\/\/www.polynt.com\/wp-content\/uploads\/2025\/05\/Sustainability-Report-2024_final.pdf\">Group Sustainability Report 2024<\/a><\/h5>\n<h5><a href=\"https:\/\/www.polynt.com\/wp-content\/uploads\/2023\/08\/Transparency-Act-Report-2023.pdf\">Transparency Act Report Norway &#8211; 2023<\/a><\/h5>\n<h5><a href=\"https:\/\/www.polynt.com\/wp-content\/uploads\/2024\/06\/Transparency-Act-Report-2024.pdf\">Transparency Act Report Norway &#8211; 2024<\/a><\/h5>\n<h5><a href=\"https:\/\/www.polynt.com\/wp-content\/uploads\/2025\/06\/2025.05.22-Transparency-Act-2025_rev01_web.pdf\">Transparency Act Report Norway &#8211; 2025<\/a><\/h5>\n<h5><a href=\"https:\/\/www.polynt.com\/wp-content\/uploads\/2025\/12\/TCFD-2024-Polynt_website-version.pdf\">TCFD 2024<\/a><\/h5>\n<h2>Pontua\u00e7\u00e3o<\/h2>\n<p>Desde 2022, o Grupo Polynt lan\u00e7ou um projeto focado no reporte transparente de informa\u00e7\u00f5es e dados relacionados a sustentabilidade, que ir\u00e1 ressaltar o desempenho e resultados atingidos para o benef\u00edcio dos Stakeholders em 2023. Os detalhes fornecidos no relat\u00f3rio de sustentabilidade ilustrar\u00e3o os resultados atingidos na rela\u00e7\u00e3o com os principais desafios relacionados a ESG (meio ambiente, social e governan\u00e7a) de acordo com os padr\u00f5es GRI que representam as melhores pr\u00e1ticas em n\u00edvel global para relat\u00f3rios de sustentabilidade.<\/p>\n<p>O Grupo Polynt participa anualmente da avalia\u00e7\u00e3o independente para as seguintes classifica\u00e7\u00f5es de pontua\u00e7\u00e3o:<\/p>\n<ul>\n<li><strong>Ecovadis<\/strong>, \u00e9 uma Plataforma colaborativa para parceiros de neg\u00f3cios compartilharem informa\u00e7\u00f5es sobre desempenho em sustentabilidade. Tal desempenho \u00e9 baseado em quatro temas \u2013 Meio ambiente, Direitos Humanos e rela\u00e7\u00f5es de trabalho, \u00e9tica e compras sustent\u00e1veis.<\/li>\n<li><strong>Sedex<\/strong>, Plataforma colaborativa que permite captar, analisar, gerenciar e apresentar informa\u00e7\u00f5es de riscos em nossa cadeia de suprimentos. Aumenta nossa sustentabilidade ambiental e \u00e9tica para fortalecer e proteger a nossa reputa\u00e7\u00e3o corporativa globalmente.<\/li>\n<\/ul>\n<p>&nbsp;<\/p>\n<h2>Policies and codes<\/h2>\n<p><a href=\"https:\/\/www.polynt.com\/wp-content\/uploads\/2024\/04\/Whistleblowing.pdf\">Whistleblowing<\/a><br \/>\n<a href=\"https:\/\/www.polynt.com\/wp-content\/uploads\/2023\/02\/Anticorruption-and-Bribery.pdf\">Anticorruption and Bribery<\/a><br \/>\n<a href=\"https:\/\/www.polynt.com\/wp-content\/uploads\/2023\/02\/ESG.pdf\">ESG<\/a><br \/>\n<a href=\"https:\/\/www.polynt.com\/wp-content\/uploads\/2023\/02\/HSE.pdf\">HSE<\/a><br \/>\n<a href=\"https:\/\/www.polynt.com\/wp-content\/uploads\/2023\/02\/Labor-and-Human-Rights.pdf\">Labor and Human Rights<\/a><br \/>\n<a href=\"https:\/\/www.polynt.com\/wp-content\/uploads\/2023\/02\/Supplier-Code-of-Conduct_for-website.pdf\">Supplier Code of Conduct<\/a><br \/>\n<a href=\"https:\/\/www.polynt.com\/pt-pt\/financial-info\/principles-and-codes\/\">Ethical code<\/a><br \/>\n<a href=\"https:\/\/www.polynt.com\/wp-content\/uploads\/2024\/06\/Sustainable-Purchasing-Policy.pdf\">Sustainable Purchasing Policy<\/a><\/p>\n","protected":false},"excerpt":{"rendered":"<p>Declara\u00e7\u00d5es Group Sustainability Report 2022 Group Sustainability Report 2023 Group Sustainability Report 2024 Transparency Act Report Norway &#8211; 2023 Transparency &hellip;<\/p>\n","protected":false},"author":1,"featured_media":0,"parent":23317,"menu_order":0,"comment_status":"closed","ping_status":"closed","template":"template-financial-info-single.php","meta":{"footnotes":""},"class_list":["post-23357","page","type-page","status-publish","hentry","odd"],"yoast_head":"<!-- This site is optimized with the Yoast SEO plugin v24.8.1 - https:\/\/yoast.com\/wordpress\/plugins\/seo\/ -->\n<title>Executive summary | Polynt Group<\/title>\n<meta name=\"description\" content=\"Executive summary | Polynt Group offers company detail about its executive. The group is specialized in the production of Composites, intermediates and coatings.\" \/>\n<meta name=\"robots\" content=\"index, follow, max-snippet:-1, max-image-preview:large, max-video-preview:-1\" \/>\n<link rel=\"canonical\" href=\"https:\/\/www.polynt.com\/pt-pt\/sustainability\/sustainability-statement-and-scoring\/\" \/>\n<meta property=\"og:locale\" content=\"pt_PT\" \/>\n<meta property=\"og:type\" content=\"article\" \/>\n<meta property=\"og:title\" content=\"Executive summary | Polynt Group\" \/>\n<meta property=\"og:description\" content=\"Executive summary | Polynt Group offers company detail about its executive. The group is specialized in the production of Composites, intermediates and coatings.\" \/>\n<meta property=\"og:url\" content=\"https:\/\/www.polynt.com\/pt-pt\/sustainability\/sustainability-statement-and-scoring\/\" \/>\n<meta property=\"og:site_name\" content=\"Polynt\" \/>\n<meta property=\"article:modified_time\" content=\"2025-12-17T09:23:18+00:00\" \/>\n<meta name=\"twitter:card\" content=\"summary_large_image\" \/>\n<meta name=\"twitter:label1\" content=\"Tempo estimado de leitura\" \/>\n\t<meta name=\"twitter:data1\" content=\"1 minuto\" \/>\n<script type=\"application\/ld+json\" class=\"yoast-schema-graph\">{\"@context\":\"https:\/\/schema.org\",\"@graph\":[{\"@type\":\"WebPage\",\"@id\":\"https:\/\/www.polynt.com\/pt-pt\/sustainability\/sustainability-statement-and-scoring\/\",\"url\":\"https:\/\/www.polynt.com\/pt-pt\/sustainability\/sustainability-statement-and-scoring\/\",\"name\":\"Executive summary | Polynt Group\",\"isPartOf\":{\"@id\":\"https:\/\/www.polynt.com\/#website\"},\"datePublished\":\"2022-01-24T11:44:19+00:00\",\"dateModified\":\"2025-12-17T09:23:18+00:00\",\"description\":\"Executive summary | Polynt Group offers company detail about its executive. The group is specialized in the production of Composites, intermediates and coatings.\",\"breadcrumb\":{\"@id\":\"https:\/\/www.polynt.com\/pt-pt\/sustainability\/sustainability-statement-and-scoring\/#breadcrumb\"},\"inLanguage\":\"pt-PT\",\"potentialAction\":[{\"@type\":\"ReadAction\",\"target\":[\"https:\/\/www.polynt.com\/pt-pt\/sustainability\/sustainability-statement-and-scoring\/\"]}]},{\"@type\":\"BreadcrumbList\",\"@id\":\"https:\/\/www.polynt.com\/pt-pt\/sustainability\/sustainability-statement-and-scoring\/#breadcrumb\",\"itemListElement\":[{\"@type\":\"ListItem\",\"position\":1,\"name\":\"Home\",\"item\":\"https:\/\/www.polynt.com\/pt-pt\/\"},{\"@type\":\"ListItem\",\"position\":2,\"name\":\"Sustentabilidade\",\"item\":\"https:\/\/www.polynt.com\/pt-pt\/sustainability\/\"},{\"@type\":\"ListItem\",\"position\":3,\"name\":\"Declara\u00e7\u00e3o de Sustentabilidade e Pontua\u00e7\u00e3o\"}]},{\"@type\":\"WebSite\",\"@id\":\"https:\/\/www.polynt.com\/#website\",\"url\":\"https:\/\/www.polynt.com\/\",\"name\":\"Polynt\",\"description\":\"Un nuovo sito targato WordPress\",\"potentialAction\":[{\"@type\":\"SearchAction\",\"target\":{\"@type\":\"EntryPoint\",\"urlTemplate\":\"https:\/\/www.polynt.com\/?s={search_term_string}\"},\"query-input\":{\"@type\":\"PropertyValueSpecification\",\"valueRequired\":true,\"valueName\":\"search_term_string\"}}],\"inLanguage\":\"pt-PT\"}]}<\/script>\n<!-- \/ Yoast SEO plugin. -->","yoast_head_json":{"title":"Executive summary | Polynt Group","description":"Executive summary | Polynt Group offers company detail about its executive. The group is specialized in the production of Composites, intermediates and coatings.","robots":{"index":"index","follow":"follow","max-snippet":"max-snippet:-1","max-image-preview":"max-image-preview:large","max-video-preview":"max-video-preview:-1"},"canonical":"https:\/\/www.polynt.com\/pt-pt\/sustainability\/sustainability-statement-and-scoring\/","og_locale":"pt_PT","og_type":"article","og_title":"Executive summary | Polynt Group","og_description":"Executive summary | Polynt Group offers company detail about its executive. The group is specialized in the production of Composites, intermediates and coatings.","og_url":"https:\/\/www.polynt.com\/pt-pt\/sustainability\/sustainability-statement-and-scoring\/","og_site_name":"Polynt","article_modified_time":"2025-12-17T09:23:18+00:00","twitter_card":"summary_large_image","twitter_misc":{"Tempo estimado de leitura":"1 minuto"},"schema":{"@context":"https:\/\/schema.org","@graph":[{"@type":"WebPage","@id":"https:\/\/www.polynt.com\/pt-pt\/sustainability\/sustainability-statement-and-scoring\/","url":"https:\/\/www.polynt.com\/pt-pt\/sustainability\/sustainability-statement-and-scoring\/","name":"Executive summary | Polynt Group","isPartOf":{"@id":"https:\/\/www.polynt.com\/#website"},"datePublished":"2022-01-24T11:44:19+00:00","dateModified":"2025-12-17T09:23:18+00:00","description":"Executive summary | Polynt Group offers company detail about its executive. The group is specialized in the production of Composites, intermediates and coatings.","breadcrumb":{"@id":"https:\/\/www.polynt.com\/pt-pt\/sustainability\/sustainability-statement-and-scoring\/#breadcrumb"},"inLanguage":"pt-PT","potentialAction":[{"@type":"ReadAction","target":["https:\/\/www.polynt.com\/pt-pt\/sustainability\/sustainability-statement-and-scoring\/"]}]},{"@type":"BreadcrumbList","@id":"https:\/\/www.polynt.com\/pt-pt\/sustainability\/sustainability-statement-and-scoring\/#breadcrumb","itemListElement":[{"@type":"ListItem","position":1,"name":"Home","item":"https:\/\/www.polynt.com\/pt-pt\/"},{"@type":"ListItem","position":2,"name":"Sustentabilidade","item":"https:\/\/www.polynt.com\/pt-pt\/sustainability\/"},{"@type":"ListItem","position":3,"name":"Declara\u00e7\u00e3o de Sustentabilidade e Pontua\u00e7\u00e3o"}]},{"@type":"WebSite","@id":"https:\/\/www.polynt.com\/#website","url":"https:\/\/www.polynt.com\/","name":"Polynt","description":"Un nuovo sito targato WordPress","potentialAction":[{"@type":"SearchAction","target":{"@type":"EntryPoint","urlTemplate":"https:\/\/www.polynt.com\/?s={search_term_string}"},"query-input":{"@type":"PropertyValueSpecification","valueRequired":true,"valueName":"search_term_string"}}],"inLanguage":"pt-PT"}]}},"_links":{"self":[{"href":"https:\/\/www.polynt.com\/pt-pt\/wp-json\/wp\/v2\/pages\/23357","targetHints":{"allow":["GET"]}}],"collection":[{"href":"https:\/\/www.polynt.com\/pt-pt\/wp-json\/wp\/v2\/pages"}],"about":[{"href":"https:\/\/www.polynt.com\/pt-pt\/wp-json\/wp\/v2\/types\/page"}],"author":[{"embeddable":true,"href":"https:\/\/www.polynt.com\/pt-pt\/wp-json\/wp\/v2\/users\/1"}],"replies":[{"embeddable":true,"href":"https:\/\/www.polynt.com\/pt-pt\/wp-json\/wp\/v2\/comments?post=23357"}],"version-history":[{"count":29,"href":"https:\/\/www.polynt.com\/pt-pt\/wp-json\/wp\/v2\/pages\/23357\/revisions"}],"predecessor-version":[{"id":32649,"href":"https:\/\/www.polynt.com\/pt-pt\/wp-json\/wp\/v2\/pages\/23357\/revisions\/32649"}],"up":[{"embeddable":true,"href":"https:\/\/www.polynt.com\/pt-pt\/wp-json\/wp\/v2\/pages\/23317"}],"wp:attachment":[{"href":"https:\/\/www.polynt.com\/pt-pt\/wp-json\/wp\/v2\/media?parent=23357"}],"curies":[{"name":"wp","href":"https:\/\/api.w.org\/{rel}","templated":true}]}}